{"id":745,"date":"2024-10-09T19:45:44","date_gmt":"2024-10-09T19:45:44","guid":{"rendered":"https:\/\/ride4life.hu\/blog\/?page_id=745"},"modified":"2024-10-09T19:56:54","modified_gmt":"2024-10-09T19:56:54","slug":"ride4life-kerekparozassal-kapcsolatos-fontos-tudnivalok","status":"publish","type":"page","link":"https:\/\/ride4life.hu\/blog\/ride4life-kerekparozassal-kapcsolatos-fontos-tudnivalok\/","title":{"rendered":"Ride4Life ker\u00e9kp\u00e1roz\u00e1ssal kapcsolatos fontos tudnival\u00f3k"},"content":{"rendered":"\n<h2 class=\"wp-block-heading\">Fontos inform\u00e1ci\u00f3k az indul\u00e1shoz:<\/h2>\n\n\n\n<ul class=\"wp-block-list\">\n<li><a href=\"https:\/\/ride4life.hu\/blog\/2023\/01\/05\/hogyan-kezdodik-egy-szezon\/\">Hogyan kezd\u0151dik egy szezon?<\/a><\/li>\n\n\n\n<li><a href=\"https:\/\/ride4life.hu\/blog\/2020\/09\/30\/hogyan-nez-ki-egy-teljesitmenydiagnosztika\/\">Hogyan n\u00e9z ki egy teljes\u00edtm\u00e9nydiagnosztika<\/a><\/li>\n\n\n\n<li><a href=\"https:\/\/ride4life.hu\/blog\/2020\/11\/10\/uj-szolgaltatas-utolagos-edzes-es-szezonelemzes-watt-alapon\/\">Ut\u00f3lagos edz\u00e9s- \u00e9s szezonelemz\u00e9s watt alapon<\/a><\/li>\n<\/ul>\n\n\n\n<h3 class=\"wp-block-heading\">Szakmai cikkek:<\/h3>\n\n\n\n<ul class=\"wp-block-list\">\n<li><a href=\"https:\/\/ride4life.hu\/blog\/2020\/04\/15\/watt-kg-avagy-a-magikus-szam-a-kerekparozasban\/\">watt\/kg \u2013 avagy a m\u00e1gikus sz\u00e1m a ker\u00e9kp\u00e1roz\u00e1sban<\/a><\/li>\n\n\n\n<li><a href=\"https:\/\/ride4life.hu\/blog\/2020\/04\/02\/a-teli-alapozas-fontossaga\/\">A t\u00e9li alapoz\u00e1s fontoss\u00e1ga<\/a><\/li>\n\n\n\n<li><a href=\"https:\/\/ride4life.hu\/blog\/2020\/04\/02\/ftp-miert-ne-ez-legyen-a-fo-tenyezo-az-edzesedben\/\">FTP: mi\u00e9rt ne ez legyen a f\u0151 t\u00e9nyez\u0151 az edz\u00e9sedben?<\/a><\/li>\n\n\n\n<li><a href=\"https:\/\/ride4life.hu\/blog\/2020\/04\/02\/tippek-gorgozeshez\/\">Tippek g\u00f6rg\u0151z\u00e9shez<\/a><\/li>\n\n\n\n<li><a href=\"https:\/\/ride4life.hu\/blog\/2020\/04\/02\/hogyan-tudom-meg-ha-valami-bajom-van\/\">Hogyan tudom meg, ha valami bajom van?<\/a><\/li>\n<\/ul>\n\n\n\n<h3 class=\"wp-block-heading\">Kieg\u00e9sz\u00edt\u0151 edz\u00e9sek ker\u00e9kp\u00e1rosoknak:<\/h3>\n\n\n\n<ul class=\"wp-block-list\">\n<li><a href=\"https:\/\/ride4life.hu\/blog\/2024\/10\/09\/core-trening-feladatok\/\">Core Tr\u00e9ning feladatok ker\u00e9kp\u00e1rosoknak<\/a><\/li>\n\n\n\n<li><a href=\"https:\/\/ride4life.hu\/blog\/2020\/10\/26\/konditermi-feladatok-kerekparosoknak\/\">Konditermi feladatok ker\u00e9kp\u00e1rosoknak<\/a><\/li>\n<\/ul>\n\n\n\n<h3 class=\"wp-block-heading\">Case Studies &#8211; Esettanulm\u00e1nyok<\/h3>\n\n\n\n<ul class=\"wp-block-list\">\n<li><a href=\"https:\/\/ride4life.hu\/blog\/2020\/04\/02\/egy-cyclocross-verseny-anatomiaja\/\">Egy cyclocross verseny anat\u00f3mi\u00e1ja<\/a><\/li>\n\n\n\n<li><a href=\"https:\/\/ride4life.hu\/blog\/2020\/10\/26\/rosszabb-lett-a-diagnosztikam-de-miert\/\">Rosszabb lett a diagnosztik\u00e1m, de mi\u00e9rt?<\/a><\/li>\n\n\n\n<li><a href=\"https:\/\/ride4life.hu\/blog\/2021\/10\/15\/mi-kell-ahhoz-hogy-egy-orszaguti-vilagbajnoksagon-vegigmenjunk\/\">Mi kell ahhoz, hogy egy orsz\u00e1g\u00fati vil\u00e1gbajnoks\u00e1gon v\u00e9gigmenj\u00fcnk?<\/a><\/li>\n<\/ul>\n\n\n\n<h3 class=\"wp-block-heading\">Gondolat\u00e9breszt\u0151k<\/h3>\n\n\n\n<ul class=\"wp-block-list\">\n<li><a href=\"https:\/\/ride4life.hu\/blog\/2020\/01\/07\/mennyi-ido-kell-hogy-jobb-kerekparosok-legyunk\/\">Mennyi Id\u0151 Kell, Hogy Jobb Ker\u00e9kp\u00e1rosok Lehess\u00fcnk?<\/a><\/li>\n\n\n\n<li><a href=\"https:\/\/ride4life.hu\/blog\/2020\/04\/02\/amator-bringas-vagyok-mit-csinaljak\/\">Amat\u0151r bring\u00e1s vagyok, mit csin\u00e1ljak?<\/a><\/li>\n\n\n\n<li><a href=\"https:\/\/ride4life.hu\/blog\/2020\/04\/02\/mit-fejlesszek-a-kerekparon\/\">Mit fejlesszek a ker\u00e9kp\u00e1ron?<\/a><\/li>\n\n\n\n<li><a href=\"https:\/\/ride4life.hu\/blog\/2021\/06\/12\/motivacio-es-bringazas\/\">Motiv\u00e1ci\u00f3 \u00e9s bring\u00e1z\u00e1s<\/a><\/li>\n<\/ul>\n\n\n\n<p><\/p>\n\n\n\n<p><\/p>\n","protected":false},"excerpt":{"rendered":"<p>Fontos inform\u00e1ci\u00f3k az indul\u00e1shoz: Szakmai cikkek: Kieg\u00e9sz\u00edt\u0151 edz\u00e9sek ker\u00e9kp\u00e1rosoknak: Case Studies &#8211; Esettanulm\u00e1nyok Gondolat\u00e9breszt\u0151k<\/p>\n","protected":false},"author":1,"featured_media":0,"parent":0,"menu_order":0,"comment_status":"closed","ping_status":"closed","template":"templates\/template-cover.php","meta":{"_monsterinsights_skip_tracking":false,"_monsterinsights_sitenote_active":false,"_monsterinsights_sitenote_note":"","_monsterinsights_sitenote_category":0,"footnotes":""},"class_list":["post-745","page","type-page","status-publish","hentry"],"_links":{"self":[{"href":"https:\/\/ride4life.hu\/blog\/wp-json\/wp\/v2\/pages\/745"}],"collection":[{"href":"https:\/\/ride4life.hu\/blog\/wp-json\/wp\/v2\/pages"}],"about":[{"href":"https:\/\/ride4life.hu\/blog\/wp-json\/wp\/v2\/types\/page"}],"author":[{"embeddable":true,"href":"https:\/\/ride4life.hu\/blog\/wp-json\/wp\/v2\/users\/1"}],"replies":[{"embeddable":true,"href":"https:\/\/ride4life.hu\/blog\/wp-json\/wp\/v2\/comments?post=745"}],"version-history":[{"count":4,"href":"https:\/\/ride4life.hu\/blog\/wp-json\/wp\/v2\/pages\/745\/revisions"}],"predecessor-version":[{"id":749,"href":"https:\/\/ride4life.hu\/blog\/wp-json\/wp\/v2\/pages\/745\/revisions\/749"}],"wp:attachment":[{"href":"https:\/\/ride4life.hu\/blog\/wp-json\/wp\/v2\/media?parent=745"}],"curies":[{"name":"wp","href":"https:\/\/api.w.org\/{rel}","templated":true}]}}